{"id":10297,"date":"2025-06-20T16:51:46","date_gmt":"2025-06-20T14:51:46","guid":{"rendered":"https:\/\/schwarzwaldstrand.de\/bahnwaerterhaus\/"},"modified":"2026-01-23T19:22:42","modified_gmt":"2026-01-23T18:22:42","slug":"bahnwaerterhaus","status":"publish","type":"page","link":"https:\/\/schwarzwaldstrand.de\/en\/bahnwaerterhaus\/","title":{"rendered":"Bahnwaerterhaus"},"content":{"rendered":"<p>[et_pb_section fb_built=&#8221;1&#8243; admin_label=&#8221;Section&#8221; _builder_version=&#8221;4.27.4&#8243; _module_preset=&#8221;default&#8221; custom_padding=&#8221;||4px|||&#8221; global_colors_info=&#8221;{}&#8221;][et_pb_row column_structure=&#8221;1_2,1_2&#8243; _builder_version=&#8221;4.27.4&#8243; _module_preset=&#8221;default&#8221; global_colors_info=&#8221;{}&#8221;][et_pb_column type=&#8221;1_2&#8243; _builder_version=&#8221;4.27.4&#8243; _module_preset=&#8221;default&#8221; global_colors_info=&#8221;{}&#8221;][et_pb_heading title=&#8221;Stylish Living in a Historic Railway Signalman\u2019s house&#8221; _builder_version=&#8221;4.27.4&#8243; _module_preset=&#8221;default&#8221; custom_margin=&#8221;||0px|||&#8221; hover_enabled=&#8221;0&#8243; global_colors_info=&#8221;{}&#8221; sticky_enabled=&#8221;0&#8243;][\/et_pb_heading][et_pb_text _builder_version=&#8221;4.27.4&#8243; _module_preset=&#8221;default&#8221; global_colors_info=&#8221;{}&#8221; content__hover_enabled=&#8221;off|desktop&#8221;]<\/p>\n<p data-start=\"271\" data-end=\"444\"><span dir=\"auto\"><span dir=\"auto\" style=\"vertical-align: inherit;\"><span dir=\"auto\" style=\"vertical-align: inherit;\">The railway signalman&#8217;s house combines modern aesthetics with historical charm. Bright rooms, natural materials and clean lines create a calm and inviting atmosphere.<\/span><\/span><\/span><\/p>\n<p><span dir=\"auto\"><span dir=\"auto\" style=\"vertical-align: inherit;\"><span dir=\"auto\" style=\"vertical-align: inherit;\">Those who spend time here experience retreat and serenity. <\/span><\/span><\/span><br \/><span dir=\"auto\"><span dir=\"auto\" style=\"vertical-align: inherit;\"><span dir=\"auto\" style=\"vertical-align: inherit;\">Everyday life loses its importance, and the surroundings offer space for silence and new thoughts.<\/span><\/span><\/span><\/p>\n<p>[\/et_pb_text][et_pb_button button_url=&#8221;https:\/\/bahnwaerterhaus.com\/#bahnwaerterstartseite&#8221; button_text=&#8221;Learn More&#8221; _builder_version=&#8221;4.27.4&#8243; _module_preset=&#8221;default&#8221; custom_button=&#8221;on&#8221; button_bg_color=&#8221;#ffffff&#8221; button_border_color=&#8221;#94BA98&#8243; button_icon=&#8221;&#xe023;||divi||400&#8243; locked=&#8221;off&#8221; global_colors_info=&#8221;{}&#8221;][\/et_pb_button][\/et_pb_column][et_pb_column type=&#8221;1_2&#8243; _builder_version=&#8221;4.27.4&#8243; _module_preset=&#8221;default&#8221; global_colors_info=&#8221;{}&#8221;][et_pb_image src=&#8221;https:\/\/schwarzwaldstrand.de\/wp-content\/uploads\/2025\/07\/b_06R0990-01_Bahnwaerterhaus72dpi-2000pix.jpg&#8221; title_text=&#8221;b_06R0990-01_Bahnwaerterhaus72dpi-2000pix&#8221; _builder_version=&#8221;4.27.4&#8243; _module_preset=&#8221;default&#8221; global_colors_info=&#8221;{}&#8221;][\/et_pb_image][\/et_pb_column][\/et_pb_row][\/et_pb_section][et_pb_section fb_built=&#8221;1&#8243; _builder_version=&#8221;4.27.4&#8243; _module_preset=&#8221;default&#8221; custom_padding=&#8221;0px||0px|||&#8221; global_colors_info=&#8221;{}&#8221;][et_pb_row column_structure=&#8221;1_2,1_2&#8243; _builder_version=&#8221;4.27.4&#8243; _module_preset=&#8221;default&#8221; global_colors_info=&#8221;{}&#8221;][et_pb_column type=&#8221;1_2&#8243; _builder_version=&#8221;4.27.4&#8243; _module_preset=&#8221;default&#8221; global_colors_info=&#8221;{}&#8221;][et_pb_image src=&#8221;https:\/\/schwarzwaldstrand.de\/wp-content\/uploads\/2025\/07\/dji_fly_20221027_083328_19_1666853464575_photo-scaled.jpg&#8221; _builder_version=&#8221;4.27.4&#8243; _module_preset=&#8221;default&#8221; global_colors_info=&#8221;{}&#8221;][\/et_pb_image][\/et_pb_column][et_pb_column type=&#8221;1_2&#8243; _builder_version=&#8221;4.27.4&#8243; _module_preset=&#8221;default&#8221; global_colors_info=&#8221;{}&#8221;][et_pb_heading title=&#8221;Vogtland holiday region with nature and relaxation all year round&#8221; _builder_version=&#8221;4.27.4&#8243; _module_preset=&#8221;default&#8221; title_level=&#8221;h2&#8243; custom_margin=&#8221;||0px|||&#8221; global_colors_info=&#8221;{}&#8221;][\/et_pb_heading][et_pb_text _builder_version=&#8221;4.27.4&#8243; _module_preset=&#8221;default&#8221; global_colors_info=&#8221;{}&#8221;]<\/p>\n<p><span dir=\"auto\">The Vogtland region offers special experiences in every season. In summer, green valleys, clear reservoirs and family-friendly destinations invite you to spend relaxing days in nature<\/span><\/p>\n<p><span dir=\"auto\">In winter, the cross-country ski trail between Sch\u00f6neck and Johanngeorgenstadt attracts skiers from all over Germany. Historical sites such as Greiz Castle and the G\u00f6ltzschtal Bridge also reflect the region&#8217;s cultural diversity.<\/span><\/p>\n<p><span dir=\"auto\">A panoramic cycle path on the old railway embankment from Oelsnitz to Falkenstein passes directly by the Dro\u00dfdorf railway signalman&#8217;s house and offers impressive views into the Vogtland region.<\/span><\/p>\n<p>[\/et_pb_text][et_pb_button button_url=&#8221;https:\/\/schwarzwaldstrand.de\/en\/booking\/#buchen&#8221; button_text=&#8221;Learn more about the Vogtland region&#8221; _builder_version=&#8221;4.27.4&#8243; _module_preset=&#8221;default&#8221; custom_button=&#8221;on&#8221; button_bg_color=&#8221;#ffffff&#8221; button_border_color=&#8221;#94BA98&#8243; button_icon=&#8221;&#xe023;||divi||400&#8243; locked=&#8221;off&#8221; global_colors_info=&#8221;{}&#8221;][\/et_pb_button][\/et_pb_column][\/et_pb_row][\/et_pb_section][et_pb_section fb_built=&#8221;1&#8243; _builder_version=&#8221;4.27.4&#8243; _module_preset=&#8221;default&#8221; custom_padding=&#8221;0px||17px|||&#8221; global_colors_info=&#8221;{}&#8221;][et_pb_row column_structure=&#8221;1_2,1_2&#8243; _builder_version=&#8221;4.27.4&#8243; _module_preset=&#8221;default&#8221; global_colors_info=&#8221;{}&#8221;][et_pb_column type=&#8221;1_2&#8243; _builder_version=&#8221;4.27.4&#8243; _module_preset=&#8221;default&#8221; global_colors_info=&#8221;{}&#8221;][et_pb_heading title=&#8221;Questions and answers about the railway signalman&#8217;s house&#8221; _builder_version=&#8221;4.27.4&#8243; _module_preset=&#8221;default&#8221; title_level=&#8221;h2&#8243; custom_margin=&#8221;||0px|||&#8221; global_colors_info=&#8221;{}&#8221;][\/et_pb_heading][et_pb_text _builder_version=&#8221;4.27.4&#8243; _module_preset=&#8221;default&#8221; global_colors_info=&#8221;{}&#8221;]<\/p>\n<p>Would you like to learn more about your stay at the railway signalman&#8217;s house? In this section you will find answers to frequently asked questions about amenities, booking and arrival. We have compiled all the important information for you in a concise and clear format.<\/p>\n<p>[\/et_pb_text][\/et_pb_column][et_pb_column type=&#8221;1_2&#8243; _builder_version=&#8221;4.27.4&#8243; _module_preset=&#8221;default&#8221; global_colors_info=&#8221;{}&#8221;][et_pb_accordion open_toggle_text_color=&#8221;#5A89A9&#8243; open_toggle_background_color=&#8221;#ffffff&#8221; closed_toggle_text_color=&#8221;#5A89A9&#8243; closed_toggle_background_color=&#8221;#ffffff&#8221; toggle_icon=&#8221;&#x32;||divi||400&#8243; icon_color=&#8221;#5A89A9&#8243; _builder_version=&#8221;4.27.4&#8243; _module_preset=&#8221;default&#8221; toggle_text_color=&#8221;#5A89A9&#8243; toggle_level=&#8221;h3&#8243; toggle_font=&#8221;|600|||||||&#8221; toggle_font_size=&#8221;20px&#8221; closed_toggle_font=&#8221;|600|||||||&#8221; custom_margin=&#8221;||||false|false&#8221; custom_margin_tablet=&#8221;-25px||||false|false&#8221; custom_margin_phone=&#8221;-25px||||false|false&#8221; custom_margin_last_edited=&#8221;on|tablet&#8221; locked=&#8221;off&#8221; global_colors_info=&#8221;{}&#8221;][et_pb_accordion_item title=&#8221;How many people can the beach house accommodate?&#8221; open=&#8221;on&#8221; toggle_icon=&#8221;&#x33;||divi||400&#8243; _builder_version=&#8221;4.27.4&#8243; _module_preset=&#8221;default&#8221; global_colors_info=&#8221;{}&#8221; toggle_font_size=&#8221;15px&#8221;]<\/p>\n<p>The beach house offers comfortable living space for up to 4 (6 with sofa beds) people per apartment. It is ideal for couples, small families or groups of friends who want to enjoy peace and nature. <\/p>\n<p>[\/et_pb_accordion_item][et_pb_accordion_item title=&#8221;Can the beach house be booked all year round?&#8221; toggle_icon=&#8221;&#x33;||divi||400&#8243; _builder_version=&#8221;4.27.4&#8243; _module_preset=&#8221;default&#8221; custom_margin=&#8221;-20px||||false|false&#8221; global_colors_info=&#8221;{}&#8221; toggle_font_size=&#8221;15px&#8221; open=&#8221;off&#8221;]<\/p>\n<p>Yes, the beach house is available all year round and each apartment is equipped with underfloor heating, a wood-burning stove and a ventilation system. So you can enjoy a relaxing stay in nature in both summer and winter. <\/p>\n<p>[\/et_pb_accordion_item][et_pb_accordion_item title=&#8221;Is there a kitchen in the beach house?&#8221; toggle_icon=&#8221;&#x33;||divi||400&#8243; _builder_version=&#8221;4.27.4&#8243; _module_preset=&#8221;default&#8221; custom_margin=&#8221;-20px||||false|false&#8221; global_colors_info=&#8221;{}&#8221; toggle_font_size=&#8221;15px&#8221; open=&#8221;off&#8221;]<\/p>\n<p>The beach house has a fully equipped kitchen at your disposal. It contains everything you need for self-catering &#8211; from a hob and fridge to a dishwasher and coffee machine. <\/p>\n<p>[\/et_pb_accordion_item][et_pb_accordion_item title=&#8221;Does the beach house have WLAN and Internet reception?&#8221; toggle_icon=&#8221;&#x33;||divi||400&#8243; _builder_version=&#8221;4.27.4&#8243; _module_preset=&#8221;default&#8221; width=&#8221;100%&#8221; custom_margin=&#8221;-20px||||false|false&#8221; custom_padding=&#8221;||||false|false&#8221; global_colors_info=&#8221;{}&#8221; toggle_font_size=&#8221;15px&#8221; open=&#8221;off&#8221;]<\/p>\n<p>Yes, free WLAN and LAN are available throughout the beach house and can be switched off by you. Mobile phone reception is also generally stable, so you can stay online without any problems. <\/p>\n<p>[\/et_pb_accordion_item][\/et_pb_accordion][\/et_pb_column][\/et_pb_row][\/et_pb_section][et_pb_section fb_built=&#8221;1&#8243; _builder_version=&#8221;4.27.4&#8243; _module_preset=&#8221;default&#8221; custom_padding=&#8221;0px|||||&#8221; global_colors_info=&#8221;{}&#8221;][et_pb_row column_structure=&#8221;1_2,1_2&#8243; _builder_version=&#8221;4.27.4&#8243; _module_preset=&#8221;default&#8221; global_colors_info=&#8221;{}&#8221;][et_pb_column type=&#8221;1_2&#8243; _builder_version=&#8221;4.27.4&#8243; _module_preset=&#8221;default&#8221; global_colors_info=&#8221;{}&#8221;][et_pb_heading title=&#8221;Directions to the Bahnw\u00e4rterhaus&#8221; _builder_version=&#8221;4.27.4&#8243; _module_preset=&#8221;default&#8221; custom_margin=&#8221;||0px|||&#8221; global_colors_info=&#8221;{}&#8221;][\/et_pb_heading][et_pb_text _builder_version=&#8221;4.27.4&#8243; _module_preset=&#8221;default&#8221; global_colors_info=&#8221;{}&#8221;]<\/p>\n<p>Nearest airport: Nuremberg, 173 km<br data-start=\"88\" data-end=\"91\" \/>Nearest train station: Oelsnitz\/Vogtland, 6 km<br data-start=\"137\" data-end=\"140\" \/>Nearest motorway exit: A73, Plauen S\u00fcd exit, 6 km<br data-start=\"189\" data-end=\"192\" \/>Car: Recommended<\/p>\n<p>[\/et_pb_text][\/et_pb_column][et_pb_column type=&#8221;1_2&#8243; _builder_version=&#8221;4.27.4&#8243; _module_preset=&#8221;default&#8221; global_colors_info=&#8221;{}&#8221;][et_pb_text _builder_version=&#8221;4.27.4&#8243; _module_preset=&#8221;default&#8221; global_colors_info=&#8221;{}&#8221;]<iframe src=\"https:\/\/www.google.com\/maps\/embed?pb=!1m18!1m12!1m3!1d2540.86596148913!2d12.208791975982425!3d50.44359728785794!2m3!1f0!2f0!3f0!3m2!1i1024!2i768!4f13.1!3m3!1m2!1s0x47a0df507d49ca59%3A0x99da717b6a55995c!2sBahnw%C3%A4rterhaus%20Tirpersdorf%20-%20Graubner%2FMoormann%20GbR!5e0!3m2!1sde!2sde!4v1750431821997!5m2!1sde!2sde\" width=\"600\" height=\"350\" style=\"border:0;\" allowfullscreen=\"\" loading=\"lazy\" referrerpolicy=\"no-referrer-when-downgrade\"><\/iframe>[\/et_pb_text][\/et_pb_column][\/et_pb_row][\/et_pb_section][et_pb_section fb_built=&#8221;1&#8243; _builder_version=&#8221;4.27.4&#8243; _module_preset=&#8221;default&#8221; global_colors_info=&#8221;{}&#8221;][\/et_pb_section]<\/p>\n","protected":false},"excerpt":{"rendered":"<p>The railway signalman&#8217;s house combines modern aesthetics with historical charm. Bright rooms, natural materials and clean lines create a calm and inviting atmosphere. Those who spend time here experience retreat and serenity. Everyday life loses its importance, and the surroundings offer space for silence and new thoughts.The Vogtland region offers special experiences in every season. [&hellip;]<\/p>\n","protected":false},"author":5,"featured_media":0,"parent":0,"menu_order":0,"comment_status":"closed","ping_status":"closed","template":"","meta":{"_et_pb_use_builder":"on","_et_pb_old_content":"","_et_gb_content_width":"","footnotes":""},"class_list":["post-10297","page","type-page","status-publish","hentry"],"yoast_head":"<!-- This site is optimized with the Yoast SEO plugin v27.5 - https:\/\/yoast.com\/product\/yoast-seo-wordpress\/ -->\n<title>Bahnwaerterhaus - Schwarzwaldstrand und Schwarzwalddeck<\/title>\n<meta name=\"robots\" content=\"index, follow, max-snippet:-1, max-image-preview:large, max-video-preview:-1\" \/>\n<link rel=\"canonical\" href=\"https:\/\/schwarzwaldstrand.de\/en\/bahnwaerterhaus\/\" \/>\n<meta property=\"og:locale\" content=\"en_US\" \/>\n<meta property=\"og:type\" content=\"article\" \/>\n<meta property=\"og:title\" content=\"Bahnwaerterhaus - Schwarzwaldstrand und Schwarzwalddeck\" \/>\n<meta property=\"og:description\" content=\"The railway signalman&#039;s house combines modern aesthetics with historical charm. Bright rooms, natural materials and clean lines create a calm and inviting atmosphere. Those who spend time here experience retreat and serenity. Everyday life loses its importance, and the surroundings offer space for silence and new thoughts.The Vogtland region offers special experiences in every season. [&hellip;]\" \/>\n<meta property=\"og:url\" content=\"https:\/\/schwarzwaldstrand.de\/en\/bahnwaerterhaus\/\" \/>\n<meta property=\"og:site_name\" content=\"Schwarzwaldstrand und Schwarzwalddeck\" \/>\n<meta property=\"article:modified_time\" content=\"2026-01-23T18:22:42+00:00\" \/>\n<meta name=\"twitter:card\" content=\"summary_large_image\" \/>\n<meta name=\"twitter:label1\" content=\"Est. reading time\" \/>\n\t<meta name=\"twitter:data1\" content=\"3 minutes\" \/>\n<script type=\"application\/ld+json\" class=\"yoast-schema-graph\">{\"@context\":\"https:\\\/\\\/schema.org\",\"@graph\":[{\"@type\":\"WebPage\",\"@id\":\"https:\\\/\\\/schwarzwaldstrand.de\\\/en\\\/bahnwaerterhaus\\\/\",\"url\":\"https:\\\/\\\/schwarzwaldstrand.de\\\/en\\\/bahnwaerterhaus\\\/\",\"name\":\"Bahnwaerterhaus - Schwarzwaldstrand und Schwarzwalddeck\",\"isPartOf\":{\"@id\":\"https:\\\/\\\/schwarzwaldstrand.de\\\/en\\\/#website\"},\"datePublished\":\"2025-06-20T14:51:46+00:00\",\"dateModified\":\"2026-01-23T18:22:42+00:00\",\"breadcrumb\":{\"@id\":\"https:\\\/\\\/schwarzwaldstrand.de\\\/en\\\/bahnwaerterhaus\\\/#breadcrumb\"},\"inLanguage\":\"en-US\",\"potentialAction\":[{\"@type\":\"ReadAction\",\"target\":[\"https:\\\/\\\/schwarzwaldstrand.de\\\/en\\\/bahnwaerterhaus\\\/\"]}]},{\"@type\":\"BreadcrumbList\",\"@id\":\"https:\\\/\\\/schwarzwaldstrand.de\\\/en\\\/bahnwaerterhaus\\\/#breadcrumb\",\"itemListElement\":[{\"@type\":\"ListItem\",\"position\":1,\"name\":\"Startseite\",\"item\":\"https:\\\/\\\/schwarzwaldstrand.de\\\/en\\\/\"},{\"@type\":\"ListItem\",\"position\":2,\"name\":\"Bahnwaerterhaus\"}]},{\"@type\":\"WebSite\",\"@id\":\"https:\\\/\\\/schwarzwaldstrand.de\\\/en\\\/#website\",\"url\":\"https:\\\/\\\/schwarzwaldstrand.de\\\/en\\\/\",\"name\":\"Schwarzwaldstrand und Schwarzwalddeck\",\"description\":\"Design Ferienhaus im Nordschwarzwald f\u00fcr G\u00e4ste mit Stil und Ruhebed\u00fcrfnis\",\"potentialAction\":[{\"@type\":\"SearchAction\",\"target\":{\"@type\":\"EntryPoint\",\"urlTemplate\":\"https:\\\/\\\/schwarzwaldstrand.de\\\/en\\\/?s={search_term_string}\"},\"query-input\":{\"@type\":\"PropertyValueSpecification\",\"valueRequired\":true,\"valueName\":\"search_term_string\"}}],\"inLanguage\":\"en-US\"}]}<\/script>\n<!-- \/ Yoast SEO plugin. -->","yoast_head_json":{"title":"Bahnwaerterhaus - Schwarzwaldstrand und Schwarzwalddeck","robots":{"index":"index","follow":"follow","max-snippet":"max-snippet:-1","max-image-preview":"max-image-preview:large","max-video-preview":"max-video-preview:-1"},"canonical":"https:\/\/schwarzwaldstrand.de\/en\/bahnwaerterhaus\/","og_locale":"en_US","og_type":"article","og_title":"Bahnwaerterhaus - Schwarzwaldstrand und Schwarzwalddeck","og_description":"The railway signalman's house combines modern aesthetics with historical charm. Bright rooms, natural materials and clean lines create a calm and inviting atmosphere. Those who spend time here experience retreat and serenity. Everyday life loses its importance, and the surroundings offer space for silence and new thoughts.The Vogtland region offers special experiences in every season. [&hellip;]","og_url":"https:\/\/schwarzwaldstrand.de\/en\/bahnwaerterhaus\/","og_site_name":"Schwarzwaldstrand und Schwarzwalddeck","article_modified_time":"2026-01-23T18:22:42+00:00","twitter_card":"summary_large_image","twitter_misc":{"Est. reading time":"3 minutes"},"schema":{"@context":"https:\/\/schema.org","@graph":[{"@type":"WebPage","@id":"https:\/\/schwarzwaldstrand.de\/en\/bahnwaerterhaus\/","url":"https:\/\/schwarzwaldstrand.de\/en\/bahnwaerterhaus\/","name":"Bahnwaerterhaus - Schwarzwaldstrand und Schwarzwalddeck","isPartOf":{"@id":"https:\/\/schwarzwaldstrand.de\/en\/#website"},"datePublished":"2025-06-20T14:51:46+00:00","dateModified":"2026-01-23T18:22:42+00:00","breadcrumb":{"@id":"https:\/\/schwarzwaldstrand.de\/en\/bahnwaerterhaus\/#breadcrumb"},"inLanguage":"en-US","potentialAction":[{"@type":"ReadAction","target":["https:\/\/schwarzwaldstrand.de\/en\/bahnwaerterhaus\/"]}]},{"@type":"BreadcrumbList","@id":"https:\/\/schwarzwaldstrand.de\/en\/bahnwaerterhaus\/#breadcrumb","itemListElement":[{"@type":"ListItem","position":1,"name":"Startseite","item":"https:\/\/schwarzwaldstrand.de\/en\/"},{"@type":"ListItem","position":2,"name":"Bahnwaerterhaus"}]},{"@type":"WebSite","@id":"https:\/\/schwarzwaldstrand.de\/en\/#website","url":"https:\/\/schwarzwaldstrand.de\/en\/","name":"Schwarzwaldstrand und Schwarzwalddeck","description":"Design Ferienhaus im Nordschwarzwald f\u00fcr G\u00e4ste mit Stil und Ruhebed\u00fcrfnis","potentialAction":[{"@type":"SearchAction","target":{"@type":"EntryPoint","urlTemplate":"https:\/\/schwarzwaldstrand.de\/en\/?s={search_term_string}"},"query-input":{"@type":"PropertyValueSpecification","valueRequired":true,"valueName":"search_term_string"}}],"inLanguage":"en-US"}]}},"_links":{"self":[{"href":"https:\/\/schwarzwaldstrand.de\/en\/wp-json\/wp\/v2\/pages\/10297","targetHints":{"allow":["GET"]}}],"collection":[{"href":"https:\/\/schwarzwaldstrand.de\/en\/wp-json\/wp\/v2\/pages"}],"about":[{"href":"https:\/\/schwarzwaldstrand.de\/en\/wp-json\/wp\/v2\/types\/page"}],"author":[{"embeddable":true,"href":"https:\/\/schwarzwaldstrand.de\/en\/wp-json\/wp\/v2\/users\/5"}],"replies":[{"embeddable":true,"href":"https:\/\/schwarzwaldstrand.de\/en\/wp-json\/wp\/v2\/comments?post=10297"}],"version-history":[{"count":6,"href":"https:\/\/schwarzwaldstrand.de\/en\/wp-json\/wp\/v2\/pages\/10297\/revisions"}],"predecessor-version":[{"id":10786,"href":"https:\/\/schwarzwaldstrand.de\/en\/wp-json\/wp\/v2\/pages\/10297\/revisions\/10786"}],"wp:attachment":[{"href":"https:\/\/schwarzwaldstrand.de\/en\/wp-json\/wp\/v2\/media?parent=10297"}],"curies":[{"name":"wp","href":"https:\/\/api.w.org\/{rel}","templated":true}]}}