{"id":1440,"date":"2023-11-21T15:40:49","date_gmt":"2023-11-21T14:40:49","guid":{"rendered":"https:\/\/schwarzwaldstrand.de\/the-hosts\/"},"modified":"2025-06-09T22:58:33","modified_gmt":"2025-06-09T20:58:33","slug":"the-hosts","status":"publish","type":"page","link":"https:\/\/schwarzwaldstrand.de\/en\/the-hosts\/","title":{"rendered":"The hosts"},"content":{"rendered":"<p>[et_pb_section fb_built=&#8221;1&#8243; _builder_version=&#8221;4.27.4&#8243; _module_preset=&#8221;default&#8221; custom_margin=&#8221;14px|||||&#8221; custom_margin_tablet=&#8221;14px|||||&#8221; custom_margin_phone=&#8221;0px||||false|false&#8221; custom_margin_last_edited=&#8221;on|phone&#8221; global_colors_info=&#8221;{}&#8221;][et_pb_row column_structure=&#8221;1_2,1_2&#8243; _builder_version=&#8221;4.27.4&#8243; _module_preset=&#8221;default&#8221; custom_margin=&#8221;||30px||false|false&#8221; custom_margin_tablet=&#8221;||30px||false|false&#8221; custom_margin_phone=&#8221;-100px||0px||false|false&#8221; custom_margin_last_edited=&#8221;on|phone&#8221; global_colors_info=&#8221;{}&#8221;][et_pb_column type=&#8221;1_2&#8243; _builder_version=&#8221;4.27.4&#8243; _module_preset=&#8221;default&#8221; global_colors_info=&#8221;{}&#8221;][et_pb_heading title=&#8221;Your personal hosts in the northern Black Forest&#8221; _builder_version=&#8221;4.27.4&#8243; _module_preset=&#8221;default&#8221; title_font=&#8221;|600|||||||&#8221; title_font_size=&#8221;31px&#8221; custom_margin=&#8221;30px||0px||false|false&#8221; custom_margin_tablet=&#8221;30px||0px||false|false&#8221; custom_margin_phone=&#8221;50px||||false|false&#8221; custom_margin_last_edited=&#8221;on|phone&#8221; custom_padding=&#8221;||0px|||&#8221; title_font_size_tablet=&#8221;31px&#8221; title_font_size_phone=&#8221;28px&#8221; title_font_size_last_edited=&#8221;on|phone&#8221; global_colors_info=&#8221;{}&#8221;][\/et_pb_heading][et_pb_text _builder_version=&#8221;4.27.4&#8243; _module_preset=&#8221;default&#8221; min_height=&#8221;76.6px&#8221; global_colors_info=&#8221;{}&#8221;]<\/p>\n<p data-start=\"296\" data-end=\"731\">Genuine <strong>hospitality<\/strong> meets <strong>a sense of style<\/strong> here. Get to know your personal hosts in the northern Black Forest &#8211; a German-Dutch family with a heart for special vacation experiences. Lucie is a dance and yoga teacher, Sebastian runs an engineering office and both have shared a passion for designing inviting retreats for years. Daughter Stella supports the family project with great commitment.   <\/p>\n<p data-start=\"733\" data-end=\"874\">What awaits you is an <strong>authentic<\/strong> <strong>vacation experience<\/strong> designed with attention to detail &#8211; by people who live and breathe hospitality.<\/p>\n<p>[\/et_pb_text][\/et_pb_column][et_pb_column type=&#8221;1_2&#8243; _builder_version=&#8221;4.27.4&#8243; _module_preset=&#8221;default&#8221; global_colors_info=&#8221;{}&#8221;][et_pb_image src=&#8221;https:\/\/schwarzwaldstrand.de\/wp-content\/uploads\/2023\/12\/gastgeberfoto-schwarzwaldstrand-team.jpg&#8221; alt=&#8221;Three people smiling into the camera on a wooden bench outside in the sunshine, presumably the host team from Schwarzwaldstrand&#8221; title_text=&#8221;Host photo Schwarzwaldstrand team&#8221; _builder_version=&#8221;4.27.4&#8243; _module_preset=&#8221;default&#8221; global_colors_info=&#8221;{}&#8221;][\/et_pb_image][\/et_pb_column][\/et_pb_row][et_pb_row column_structure=&#8221;1_2,1_2&#8243; _builder_version=&#8221;4.27.4&#8243; _module_preset=&#8221;default&#8221; global_colors_info=&#8221;{}&#8221;][et_pb_column type=&#8221;1_2&#8243; _builder_version=&#8221;4.27.4&#8243; _module_preset=&#8221;default&#8221; global_colors_info=&#8221;{}&#8221;][et_pb_image src=&#8221;https:\/\/schwarzwaldstrand.de\/wp-content\/uploads\/2023\/12\/gastgeberteam-schwarzwaldstrand-im-zug-schwarzweiss.jpg&#8221; alt=&#8221;Three people sitting next to each other in a train compartment stylish black and white photo probably the host team of Schwarzwaldstrand&#8221; title_text=&#8221;Host team Schwarzwaldstrand on the black and white train&#8221; _builder_version=&#8221;4.27.4&#8243; _module_preset=&#8221;default&#8221; global_colors_info=&#8221;{}&#8221;][\/et_pb_image][\/et_pb_column][et_pb_column type=&#8221;1_2&#8243; _builder_version=&#8221;4.27.4&#8243; _module_preset=&#8221;default&#8221; global_colors_info=&#8221;{}&#8221;][et_pb_heading title=&#8221;Hosts with a love of design&#8221; _builder_version=&#8221;4.27.4&#8243; _module_preset=&#8221;default&#8221; title_level=&#8221;h2&#8243; title_font=&#8221;|600|||||||&#8221; custom_margin=&#8221;||0px|||&#8221; title_font_size_tablet=&#8221;&#8221; title_font_size_phone=&#8221;28px&#8221; title_font_size_last_edited=&#8221;on|phone&#8221; global_colors_info=&#8221;{}&#8221;][\/et_pb_heading][et_pb_text _builder_version=&#8221;4.27.4&#8243; _module_preset=&#8221;default&#8221; custom_padding=&#8221;0px|||||&#8221; global_colors_info=&#8221;{}&#8221;]<\/p>\n<p data-start=\"972\" data-end=\"1321\">Lucie and Sebastian <strong>have been<\/strong> designing special places with dedication and a flair for aesthetics <strong>since 2013<\/strong>. From <a href=\"https:\/\/www.bahnwaerterhaus.com\/\" target=\"_blank\" rel=\"noopener\">the Bahnw\u00e4rterhaus<\/a> in Vogtland to the Haus Schwarzwaldstrand in Bad Herrenalb, they have created retreats with character. In <strong>May 2024<\/strong>, the deckhouses in Oberes Gaistal will open, another project that combines nature and design in a special way.  <\/p>\n<p data-start=\"1323\" data-end=\"1501\">Anyone looking for privately run accommodation with style will find an oasis close to nature <strong>with a personal touch<\/strong> and a team of hosts who immediately make you feel at home.<\/p>\n<p>[\/et_pb_text][et_pb_button button_url=&#8221;https:\/\/schwarzwaldstrand.de\/en\/booking\/#buchen&#8221; button_text=&#8221;Check availability&#8221; _builder_version=&#8221;4.27.4&#8243; _module_preset=&#8221;default&#8221; custom_button=&#8221;on&#8221; button_bg_color=&#8221;#ffffff&#8221; button_border_color=&#8221;#94BA98&#8243; button_icon=&#8221;&#xe023;||divi||400&#8243; global_colors_info=&#8221;{}&#8221;][\/et_pb_button][\/et_pb_column][\/et_pb_row][\/et_pb_section]<\/p>\n","protected":false},"excerpt":{"rendered":"<p>Genuine hospitality meets a sense of style here. Get to know your personal hosts in the northern Black Forest &#8211; a German-Dutch family with a heart for special vacation experiences. Lucie is a dance and yoga teacher, Sebastian runs an engineering office and both have shared a passion for designing inviting retreats for years. Daughter [&hellip;]<\/p>\n","protected":false},"author":1,"featured_media":0,"parent":0,"menu_order":0,"comment_status":"closed","ping_status":"closed","template":"","meta":{"_et_pb_use_builder":"on","_et_pb_old_content":"","_et_gb_content_width":"","footnotes":""},"class_list":["post-1440","page","type-page","status-publish","hentry"],"yoast_head":"<!-- This site is optimized with the Yoast SEO plugin v27.5 - https:\/\/yoast.com\/product\/yoast-seo-wordpress\/ -->\n<title>Your personal hosts | Schwarzwaldstrand<\/title>\n<meta name=\"description\" content=\"Your personal hosts will welcome you with attention to detail, a sense of design and warmth. Authentic in the northern Black Forest.\" \/>\n<meta name=\"robots\" content=\"index, follow, max-snippet:-1, max-image-preview:large, max-video-preview:-1\" \/>\n<link rel=\"canonical\" href=\"https:\/\/schwarzwaldstrand.de\/en\/the-hosts\/\" \/>\n<meta property=\"og:locale\" content=\"en_US\" \/>\n<meta property=\"og:type\" content=\"article\" \/>\n<meta property=\"og:title\" content=\"Your personal hosts | Schwarzwaldstrand\" \/>\n<meta property=\"og:description\" content=\"Your personal hosts will welcome you with attention to detail, a sense of design and warmth. Authentic in the northern Black Forest.\" \/>\n<meta property=\"og:url\" content=\"https:\/\/schwarzwaldstrand.de\/en\/the-hosts\/\" \/>\n<meta property=\"og:site_name\" content=\"Schwarzwaldstrand und Schwarzwalddeck\" \/>\n<meta property=\"article:modified_time\" content=\"2025-06-09T20:58:33+00:00\" \/>\n<meta name=\"twitter:card\" content=\"summary_large_image\" \/>\n<meta name=\"twitter:label1\" content=\"Est. reading time\" \/>\n\t<meta name=\"twitter:data1\" content=\"3 minutes\" \/>\n<script type=\"application\/ld+json\" class=\"yoast-schema-graph\">{\"@context\":\"https:\\\/\\\/schema.org\",\"@graph\":[{\"@type\":\"WebPage\",\"@id\":\"https:\\\/\\\/schwarzwaldstrand.de\\\/en\\\/the-hosts\\\/\",\"url\":\"https:\\\/\\\/schwarzwaldstrand.de\\\/en\\\/the-hosts\\\/\",\"name\":\"Your personal hosts | Schwarzwaldstrand\",\"isPartOf\":{\"@id\":\"https:\\\/\\\/schwarzwaldstrand.de\\\/en\\\/#website\"},\"datePublished\":\"2023-11-21T14:40:49+00:00\",\"dateModified\":\"2025-06-09T20:58:33+00:00\",\"description\":\"Your personal hosts will welcome you with attention to detail, a sense of design and warmth. Authentic in the northern Black Forest.\",\"breadcrumb\":{\"@id\":\"https:\\\/\\\/schwarzwaldstrand.de\\\/en\\\/the-hosts\\\/#breadcrumb\"},\"inLanguage\":\"en-US\",\"potentialAction\":[{\"@type\":\"ReadAction\",\"target\":[\"https:\\\/\\\/schwarzwaldstrand.de\\\/en\\\/the-hosts\\\/\"]}]},{\"@type\":\"BreadcrumbList\",\"@id\":\"https:\\\/\\\/schwarzwaldstrand.de\\\/en\\\/the-hosts\\\/#breadcrumb\",\"itemListElement\":[{\"@type\":\"ListItem\",\"position\":1,\"name\":\"Startseite\",\"item\":\"https:\\\/\\\/schwarzwaldstrand.de\\\/en\\\/\"},{\"@type\":\"ListItem\",\"position\":2,\"name\":\"The hosts\"}]},{\"@type\":\"WebSite\",\"@id\":\"https:\\\/\\\/schwarzwaldstrand.de\\\/en\\\/#website\",\"url\":\"https:\\\/\\\/schwarzwaldstrand.de\\\/en\\\/\",\"name\":\"Schwarzwaldstrand und Schwarzwalddeck\",\"description\":\"Design Ferienhaus im Nordschwarzwald f\u00fcr G\u00e4ste mit Stil und Ruhebed\u00fcrfnis\",\"potentialAction\":[{\"@type\":\"SearchAction\",\"target\":{\"@type\":\"EntryPoint\",\"urlTemplate\":\"https:\\\/\\\/schwarzwaldstrand.de\\\/en\\\/?s={search_term_string}\"},\"query-input\":{\"@type\":\"PropertyValueSpecification\",\"valueRequired\":true,\"valueName\":\"search_term_string\"}}],\"inLanguage\":\"en-US\"}]}<\/script>\n<!-- \/ Yoast SEO plugin. -->","yoast_head_json":{"title":"Your personal hosts | Schwarzwaldstrand","description":"Your personal hosts will welcome you with attention to detail, a sense of design and warmth. Authentic in the northern Black Forest.","robots":{"index":"index","follow":"follow","max-snippet":"max-snippet:-1","max-image-preview":"max-image-preview:large","max-video-preview":"max-video-preview:-1"},"canonical":"https:\/\/schwarzwaldstrand.de\/en\/the-hosts\/","og_locale":"en_US","og_type":"article","og_title":"Your personal hosts | Schwarzwaldstrand","og_description":"Your personal hosts will welcome you with attention to detail, a sense of design and warmth. Authentic in the northern Black Forest.","og_url":"https:\/\/schwarzwaldstrand.de\/en\/the-hosts\/","og_site_name":"Schwarzwaldstrand und Schwarzwalddeck","article_modified_time":"2025-06-09T20:58:33+00:00","twitter_card":"summary_large_image","twitter_misc":{"Est. reading time":"3 minutes"},"schema":{"@context":"https:\/\/schema.org","@graph":[{"@type":"WebPage","@id":"https:\/\/schwarzwaldstrand.de\/en\/the-hosts\/","url":"https:\/\/schwarzwaldstrand.de\/en\/the-hosts\/","name":"Your personal hosts | Schwarzwaldstrand","isPartOf":{"@id":"https:\/\/schwarzwaldstrand.de\/en\/#website"},"datePublished":"2023-11-21T14:40:49+00:00","dateModified":"2025-06-09T20:58:33+00:00","description":"Your personal hosts will welcome you with attention to detail, a sense of design and warmth. Authentic in the northern Black Forest.","breadcrumb":{"@id":"https:\/\/schwarzwaldstrand.de\/en\/the-hosts\/#breadcrumb"},"inLanguage":"en-US","potentialAction":[{"@type":"ReadAction","target":["https:\/\/schwarzwaldstrand.de\/en\/the-hosts\/"]}]},{"@type":"BreadcrumbList","@id":"https:\/\/schwarzwaldstrand.de\/en\/the-hosts\/#breadcrumb","itemListElement":[{"@type":"ListItem","position":1,"name":"Startseite","item":"https:\/\/schwarzwaldstrand.de\/en\/"},{"@type":"ListItem","position":2,"name":"The hosts"}]},{"@type":"WebSite","@id":"https:\/\/schwarzwaldstrand.de\/en\/#website","url":"https:\/\/schwarzwaldstrand.de\/en\/","name":"Schwarzwaldstrand und Schwarzwalddeck","description":"Design Ferienhaus im Nordschwarzwald f\u00fcr G\u00e4ste mit Stil und Ruhebed\u00fcrfnis","potentialAction":[{"@type":"SearchAction","target":{"@type":"EntryPoint","urlTemplate":"https:\/\/schwarzwaldstrand.de\/en\/?s={search_term_string}"},"query-input":{"@type":"PropertyValueSpecification","valueRequired":true,"valueName":"search_term_string"}}],"inLanguage":"en-US"}]}},"_links":{"self":[{"href":"https:\/\/schwarzwaldstrand.de\/en\/wp-json\/wp\/v2\/pages\/1440","targetHints":{"allow":["GET"]}}],"collection":[{"href":"https:\/\/schwarzwaldstrand.de\/en\/wp-json\/wp\/v2\/pages"}],"about":[{"href":"https:\/\/schwarzwaldstrand.de\/en\/wp-json\/wp\/v2\/types\/page"}],"author":[{"embeddable":true,"href":"https:\/\/schwarzwaldstrand.de\/en\/wp-json\/wp\/v2\/users\/1"}],"replies":[{"embeddable":true,"href":"https:\/\/schwarzwaldstrand.de\/en\/wp-json\/wp\/v2\/comments?post=1440"}],"version-history":[{"count":0,"href":"https:\/\/schwarzwaldstrand.de\/en\/wp-json\/wp\/v2\/pages\/1440\/revisions"}],"wp:attachment":[{"href":"https:\/\/schwarzwaldstrand.de\/en\/wp-json\/wp\/v2\/media?parent=1440"}],"curies":[{"name":"wp","href":"https:\/\/api.w.org\/{rel}","templated":true}]}}