{"id":9646,"date":"2025-06-01T01:49:14","date_gmt":"2025-05-31T23:49:14","guid":{"rendered":"https:\/\/schwarzwaldstrand.de\/faq\/"},"modified":"2025-06-02T09:23:52","modified_gmt":"2025-06-02T07:23:52","slug":"faq","status":"publish","type":"page","link":"https:\/\/schwarzwaldstrand.de\/en\/faq\/","title":{"rendered":"FAQ"},"content":{"rendered":"<p>[et_pb_section fb_built=&#8221;1&#8243; _builder_version=&#8221;4.27.4&#8243; _module_preset=&#8221;default&#8221; custom_padding=&#8221;5px|||||&#8221; hover_enabled=&#8221;0&#8243; global_colors_info=&#8221;{}&#8221; custom_margin=&#8221;50px||||false|false&#8221; sticky_enabled=&#8221;0&#8243;][et_pb_row column_structure=&#8221;1_2,1_2&#8243; _builder_version=&#8221;4.27.4&#8243; _module_preset=&#8221;default&#8221; custom_padding=&#8221;0px|||||&#8221; global_colors_info=&#8221;{}&#8221;][et_pb_column type=&#8221;1_2&#8243; _builder_version=&#8221;4.27.4&#8243; _module_preset=&#8221;default&#8221; global_colors_info=&#8221;{}&#8221;][et_pb_heading title=&#8221;Questions and answers about the Black Forest beach&#8221; _builder_version=&#8221;4.27.4&#8243; _module_preset=&#8221;default&#8221; title_font_size=&#8221;31px&#8221; custom_margin=&#8221;40px||||false|false&#8221; title_font_size_tablet=&#8221;&#8221; title_font_size_phone=&#8221;28px&#8221; title_font_size_last_edited=&#8221;on|phone&#8221; global_colors_info=&#8221;{}&#8221;][\/et_pb_heading][et_pb_text _builder_version=&#8221;4.27.4&#8243; _module_preset=&#8221;default&#8221; custom_margin=&#8221;-31px|||||&#8221; custom_padding=&#8221;0px|||||&#8221; global_colors_info=&#8221;{}&#8221;]Do you have questions about your stay, booking or the facilities in our accommodation? In our FAQ section you will quickly find answers to the most frequently asked questions. Whether check-in times, pets or parking options[\/et_pb_text][et_pb_button button_url=&#8221;https:\/\/schwarzwaldstrand.de\/en\/booking\/#buchen&#8221; button_text=&#8221;Book your beach house now!&#8221; _builder_version=&#8221;4.27.4&#8243; _module_preset=&#8221;default&#8221; locked=&#8221;off&#8221; global_colors_info=&#8221;{}&#8221;][\/et_pb_button][\/et_pb_column][et_pb_column type=&#8221;1_2&#8243; _builder_version=&#8221;4.27.4&#8243; _module_preset=&#8221;default&#8221; global_colors_info=&#8221;{}&#8221;][et_pb_image src=&#8221;https:\/\/schwarzwaldstrand.de\/wp-content\/uploads\/2023\/11\/schwarzwaldstrand36.jpg&#8221; alt=&#8221;Beach house in the northern Black Forest with large glass front, natural stone wall and sandy area in a sunny location&#8221; title_text=&#8221;Beach house in the northern Black Forest with sand terrace&#8221; _builder_version=&#8221;4.27.4&#8243; _module_preset=&#8221;default&#8221; global_colors_info=&#8221;{}&#8221;][\/et_pb_image][\/et_pb_column][\/et_pb_row][et_pb_row column_structure=&#8221;1_2,1_2&#8243; _builder_version=&#8221;4.27.4&#8243; _module_preset=&#8221;default&#8221; global_colors_info=&#8221;{}&#8221;][et_pb_column type=&#8221;1_2&#8243; _builder_version=&#8221;4.27.4&#8243; _module_preset=&#8221;default&#8221; global_colors_info=&#8221;{}&#8221;][et_pb_accordion open_toggle_text_color=&#8221;#5A89A9&#8243; open_toggle_background_color=&#8221;#ffffff&#8221; closed_toggle_text_color=&#8221;#5A89A9&#8243; closed_toggle_background_color=&#8221;#ffffff&#8221; toggle_icon=&#8221;&#x32;||divi||400&#8243; icon_color=&#8221;#5A89A9&#8243; _builder_version=&#8221;4.27.4&#8243; _module_preset=&#8221;default&#8221; toggle_text_color=&#8221;#5A89A9&#8243; toggle_level=&#8221;h3&#8243; toggle_font=&#8221;|600|||||||&#8221; toggle_font_size=&#8221;20px&#8221; closed_toggle_font=&#8221;|600|||||||&#8221; custom_margin=&#8221;||||false|false&#8221; custom_margin_tablet=&#8221;-25px||||false|false&#8221; custom_margin_phone=&#8221;-25px||||false|false&#8221; custom_margin_last_edited=&#8221;on|tablet&#8221; global_colors_info=&#8221;{}&#8221;][et_pb_accordion_item title=&#8221;How many people can the beach house accommodate?&#8221; open=&#8221;on&#8221; toggle_icon=&#8221;&#x33;||divi||400&#8243; _builder_version=&#8221;4.27.4&#8243; _module_preset=&#8221;default&#8221; global_colors_info=&#8221;{}&#8221; toggle_font_size=&#8221;15px&#8221;]The beach house offers comfortable living space for up to 4 people. It is ideal for couples, small families or groups of friends who want to enjoy peace and nature.[\/et_pb_accordion_item][et_pb_accordion_item title=&#8221;Can the beach house be booked all year round?&#8221; toggle_icon=&#8221;&#x33;||divi||400&#8243; _builder_version=&#8221;4.27.4&#8243; _module_preset=&#8221;default&#8221; custom_margin=&#8221;-20px||||false|false&#8221; global_colors_info=&#8221;{}&#8221; toggle_font_size=&#8221;15px&#8221; open=&#8221;off&#8221;]Yes, the beach house is available all year round and has effective heating. So you can enjoy a relaxing stay in nature in both summer and winter.[\/et_pb_accordion_item][et_pb_accordion_item title=&#8221;Is there a kitchen in the beach house?&#8221; toggle_icon=&#8221;&#x33;||divi||400&#8243; _builder_version=&#8221;4.27.4&#8243; _module_preset=&#8221;default&#8221; custom_margin=&#8221;-20px||||false|false&#8221; global_colors_info=&#8221;{}&#8221; toggle_font_size=&#8221;15px&#8221; open=&#8221;off&#8221;]A fully equipped kitchen is available in the beach house. It contains everything you need for self-catering &#8211; from a hob and fridge to crockery and a coffee machine.[\/et_pb_accordion_item][et_pb_accordion_item title=&#8221;Does the beach house have WLAN and Internet reception?&#8221; toggle_icon=&#8221;&#x33;||divi||400&#8243; _builder_version=&#8221;4.27.4&#8243; _module_preset=&#8221;default&#8221; width=&#8221;100%&#8221; custom_margin=&#8221;-20px||||false|false&#8221; custom_padding=&#8221;||||false|false&#8221; global_colors_info=&#8221;{}&#8221; toggle_font_size=&#8221;15px&#8221; open=&#8221;off&#8221;]Yes, free WiFi is available throughout the beach house. Mobile phone reception is also generally stable, so you can easily stay online if necessary.[\/et_pb_accordion_item][\/et_pb_accordion][\/et_pb_column][et_pb_column type=&#8221;1_2&#8243; _builder_version=&#8221;4.27.4&#8243; _module_preset=&#8221;default&#8221; global_colors_info=&#8221;{}&#8221;][et_pb_accordion open_toggle_text_color=&#8221;#5A89A9&#8243; open_toggle_background_color=&#8221;#ffffff&#8221; closed_toggle_text_color=&#8221;#5A89A9&#8243; closed_toggle_background_color=&#8221;#ffffff&#8221; toggle_icon=&#8221;&#x32;||divi||400&#8243; icon_color=&#8221;#5A89A9&#8243; _builder_version=&#8221;4.27.4&#8243; _module_preset=&#8221;default&#8221; toggle_text_color=&#8221;#5A89A9&#8243; toggle_level=&#8221;h3&#8243; toggle_font=&#8221;|600|||||||&#8221; toggle_font_size=&#8221;20px&#8221; closed_toggle_font=&#8221;|600|||||||&#8221; custom_margin=&#8221;||||false|false&#8221; global_colors_info=&#8221;{}&#8221;][et_pb_accordion_item title=&#8221;Is the Strandhaus barrier-free accessible?&#8221; open=&#8221;on&#8221; toggle_icon=&#8221;&#x33;||divi||400&#8243; _builder_version=&#8221;4.27.4&#8243; _module_preset=&#8221;default&#8221; global_colors_info=&#8221;{}&#8221; toggle_font_size=&#8221;15px&#8221;]The beach house is built at ground level and is therefore generally easily accessible for guests with limited mobility. If you have any special requirements, please contact us in advance.[\/et_pb_accordion_item][et_pb_accordion_item title=&#8221;Can I bring my pet to the beach house?&#8221; toggle_icon=&#8221;&#x33;||divi||400&#8243; _builder_version=&#8221;4.27.4&#8243; _module_preset=&#8221;default&#8221; custom_margin=&#8221;-20px||||false|false&#8221; global_colors_info=&#8221;{}&#8221; toggle_font_size=&#8221;15px&#8221; open=&#8221;off&#8221;]Yes, dogs are welcome at the Strandhaus. There is an additional charge for your four-legged companion so that you can enjoy nature together with your pet.[\/et_pb_accordion_item][et_pb_accordion_item title=&#8221;Is there direct access to nature or water?&#8221; toggle_icon=&#8221;&#x33;||divi||400&#8243; _builder_version=&#8221;4.27.4&#8243; _module_preset=&#8221;default&#8221; custom_margin=&#8221;-20px||||false|false&#8221; global_colors_info=&#8221;{}&#8221; toggle_font_size=&#8221;15px&#8221; open=&#8221;off&#8221;]From the beach house, you can reach a small natural beach by the river via a private meadow path. The surrounding area invites you to relax, go for a walk or splash around.[\/et_pb_accordion_item][et_pb_accordion_item title=&#8221;What equipment does the terrace of the beach house have?&#8221; toggle_icon=&#8221;&#x33;||divi||400&#8243; _builder_version=&#8221;4.27.4&#8243; _module_preset=&#8221;default&#8221; width=&#8221;100%&#8221; custom_margin=&#8221;-20px||||false|false&#8221; custom_padding=&#8221;||||false|false&#8221; global_colors_info=&#8221;{}&#8221; toggle_font_size=&#8221;15px&#8221; open=&#8221;off&#8221;]The terrace of the beach house is furnished with comfortable seating and a table. It invites you to linger and offers a wonderful view of the valley[\/et_pb_accordion_item][\/et_pb_accordion][\/et_pb_column][\/et_pb_row][et_pb_row column_structure=&#8221;1_2,1_2&#8243; _builder_version=&#8221;4.27.4&#8243; _module_preset=&#8221;default&#8221; custom_margin=&#8221;25px||||false|false&#8221; global_colors_info=&#8221;{}&#8221;][et_pb_column type=&#8221;1_2&#8243; _builder_version=&#8221;4.27.4&#8243; _module_preset=&#8221;default&#8221; global_colors_info=&#8221;{}&#8221;][et_pb_image src=&#8221;https:\/\/schwarzwaldstrand.de\/wp-content\/uploads\/2025\/05\/dji_fly_20250427_181756_842_1745774467296_photo-scaled.jpg&#8221; alt=&#8221;Drone shot with three designer houses in the countryside in front of a Black Forest village&#8221; title_text=&#8221;Design vacation homes in the northern Black Forest nestled in the countryside&#8221; _builder_version=&#8221;4.27.4&#8243; _module_preset=&#8221;default&#8221; global_colors_info=&#8221;{}&#8221;][\/et_pb_image][\/et_pb_column][et_pb_column type=&#8221;1_2&#8243; _builder_version=&#8221;4.27.4&#8243; _module_preset=&#8221;default&#8221; global_colors_info=&#8221;{}&#8221;][et_pb_heading title=&#8221;Questions and answers about the deckhouses&#8221; _builder_version=&#8221;4.27.4&#8243; _module_preset=&#8221;default&#8221; title_level=&#8221;h2&#8243; title_font_size=&#8221;31px&#8221; custom_margin=&#8221;15px||||false|false&#8221; title_font_size_tablet=&#8221;31px&#8221; title_font_size_phone=&#8221;28px&#8221; title_font_size_last_edited=&#8221;on|desktop&#8221; global_colors_info=&#8221;{}&#8221;][\/et_pb_heading][et_pb_text _builder_version=&#8221;4.27.4&#8243; _module_preset=&#8221;default&#8221; custom_margin=&#8221;-31px|||||&#8221; custom_padding=&#8221;0px|||||&#8221; global_colors_info=&#8221;{}&#8221;]Are you interested in our deckhouses? In this section you will find answers to frequently asked questions about facilities, arrival and your stay. So you can plan your vacation at Schwarzwaldstrand in a relaxed and well-informed manner.[\/et_pb_text][et_pb_button button_url=&#8221;https:\/\/schwarzwaldstrand.de\/en\/booking\/#buchen&#8221; button_text=&#8221;Book your deckhouse now!&#8221; _builder_version=&#8221;4.27.4&#8243; _module_preset=&#8221;default&#8221; locked=&#8221;off&#8221; global_colors_info=&#8221;{}&#8221;][\/et_pb_button][\/et_pb_column][\/et_pb_row][\/et_pb_section][et_pb_section fb_built=&#8221;1&#8243; _builder_version=&#8221;4.27.4&#8243; _module_preset=&#8221;default&#8221; custom_padding=&#8221;4px|||||&#8221; global_colors_info=&#8221;{}&#8221;][et_pb_row column_structure=&#8221;1_2,1_2&#8243; _builder_version=&#8221;4.27.4&#8243; _module_preset=&#8221;default&#8221; custom_margin_tablet=&#8221;-25px||||false|false&#8221; custom_margin_phone=&#8221;-25px||||false|false&#8221; custom_margin_last_edited=&#8221;on|tablet&#8221; global_colors_info=&#8221;{}&#8221;][et_pb_column type=&#8221;1_2&#8243; _builder_version=&#8221;4.27.4&#8243; _module_preset=&#8221;default&#8221; global_colors_info=&#8221;{}&#8221;][et_pb_accordion open_toggle_text_color=&#8221;#5A89A9&#8243; open_toggle_background_color=&#8221;#ffffff&#8221; closed_toggle_text_color=&#8221;#5A89A9&#8243; closed_toggle_background_color=&#8221;#ffffff&#8221; toggle_icon=&#8221;&#x32;||divi||400&#8243; icon_color=&#8221;#5A89A9&#8243; _builder_version=&#8221;4.27.4&#8243; _module_preset=&#8221;default&#8221; toggle_text_color=&#8221;#5A89A9&#8243; toggle_level=&#8221;h3&#8243; toggle_font=&#8221;|600|||||||&#8221; toggle_font_size=&#8221;20px&#8221; closed_toggle_font=&#8221;|600|||||||&#8221; custom_margin=&#8221;||||false|false&#8221; global_colors_info=&#8221;{}&#8221;][et_pb_accordion_item title=&#8221;Can I also travel by public transportation?&#8221; open=&#8221;on&#8221; toggle_icon=&#8221;&#x33;||divi||400&#8243; _builder_version=&#8221;4.27.4&#8243; _module_preset=&#8221;default&#8221; global_colors_info=&#8221;{}&#8221; toggle_font_size=&#8221;15px&#8221;]Yes, it is easy to get here by public transport. From Karlsruhe main station, you can reach Bad Herrenalb station in around 40 minutes by train. From there, an hourly bus or a scheduled cab service will take you comfortably to Obere Gaistal. The nearest bus stop is just a five-minute walk from our deckhouses.[\/et_pb_accordion_item][et_pb_accordion_item title=&#8221;Are there parking spaces at the deckhouses?&#8221; toggle_icon=&#8221;&#x33;||divi||400&#8243; _builder_version=&#8221;4.27.4&#8243; _module_preset=&#8221;default&#8221; custom_margin=&#8221;-20px||||false|false&#8221; global_colors_info=&#8221;{}&#8221; toggle_font_size=&#8221;15px&#8221; open=&#8221;off&#8221;]Yes, there are plenty of parking spaces available for our guests directly at the deckhouses. Arriving by car is therefore no problem, even for longer stays or with a lot of luggage.[\/et_pb_accordion_item][et_pb_accordion_item title=&#8221;Is there a playground nearby?&#8221; toggle_icon=&#8221;&#x33;||divi||400&#8243; _builder_version=&#8221;4.27.4&#8243; _module_preset=&#8221;default&#8221; custom_margin=&#8221;-20px||||false|false&#8221; global_colors_info=&#8221;{}&#8221; toggle_font_size=&#8221;15px&#8221; open=&#8221;off&#8221;]Yes, there is a well-maintained public playground about 300 meters away. It is located on the valley-side meadow path to the west and is easily accessible on foot &#8211; ideal for families with children.[\/et_pb_accordion_item][et_pb_accordion_item title=&#8221;Are dogs allowed in the accommodation?&#8221; toggle_icon=&#8221;&#x33;||divi||400&#8243; _builder_version=&#8221;4.27.4&#8243; _module_preset=&#8221;default&#8221; width=&#8221;100%&#8221; custom_margin=&#8221;-20px||||false|false&#8221; custom_padding=&#8221;||||false|false&#8221; global_colors_info=&#8221;{}&#8221; toggle_font_size=&#8221;15px&#8221; open=&#8221;off&#8221;]Yes, dogs are very welcome here! You are welcome to bring your dog with you. Please note that we charge an additional flat rate of \u20ac30 per dog per week. We look forward to your visit with your four-legged companion![\/et_pb_accordion_item][\/et_pb_accordion][\/et_pb_column][et_pb_column type=&#8221;1_2&#8243; _builder_version=&#8221;4.27.4&#8243; _module_preset=&#8221;default&#8221; global_colors_info=&#8221;{}&#8221;][et_pb_accordion open_toggle_text_color=&#8221;#5A89A9&#8243; open_toggle_background_color=&#8221;#ffffff&#8221; closed_toggle_text_color=&#8221;#5A89A9&#8243; closed_toggle_background_color=&#8221;#ffffff&#8221; toggle_icon=&#8221;&#x32;||divi||400&#8243; icon_color=&#8221;#5A89A9&#8243; _builder_version=&#8221;4.27.4&#8243; _module_preset=&#8221;default&#8221; toggle_text_color=&#8221;#5A89A9&#8243; toggle_level=&#8221;h3&#8243; toggle_font=&#8221;|600|||||||&#8221; toggle_font_size=&#8221;15px&#8221; closed_toggle_font=&#8221;|600|||||||&#8221; custom_margin=&#8221;||||false|false&#8221; global_colors_info=&#8221;{}&#8221;][et_pb_accordion_item title=&#8221;Is there a hygienic shower in the vacation homes?&#8221; open=&#8221;on&#8221; toggle_icon=&#8221;&#x33;||divi||400&#8243; _builder_version=&#8221;4.27.4&#8243; _module_preset=&#8221;default&#8221; global_colors_info=&#8221;{}&#8221; toggle_font_size=&#8221;15px&#8221;]Yes, there is a modern hygienic shower (also known as a bidet shower) in every bathroom in the vacation homes at Schwarzwaldstrand. For extra comfort and hygiene during your stay.[\/et_pb_accordion_item][et_pb_accordion_item title=&#8221;Is there a sauna at the deckhouses&#8221; toggle_icon=&#8221;&#x33;||divi||400&#8243; _builder_version=&#8221;4.27.4&#8243; _module_preset=&#8221;default&#8221; custom_margin=&#8221;-20px||||false|false&#8221; global_colors_info=&#8221;{}&#8221; toggle_font_size=&#8221;15px&#8221; open=&#8221;off&#8221;]Yes, there is a cozy barrel sauna with panoramic window and outdoor shower &#8211; perfect for relaxing with a view of nature.[\/et_pb_accordion_item][et_pb_accordion_item title=&#8221;Are bed linen and towels included?&#8221; toggle_icon=&#8221;&#x33;||divi||400&#8243; _builder_version=&#8221;4.27.4&#8243; _module_preset=&#8221;default&#8221; custom_margin=&#8221;-20px||||false|false&#8221; global_colors_info=&#8221;{}&#8221; toggle_font_size=&#8221;15px&#8221; open=&#8221;off&#8221;]Yes, the bed is freshly made for every guest. There are large and small towels available &#8211; everything is ready on arrival.[\/et_pb_accordion_item][et_pb_accordion_item title=&#8221;Is there a barbecue area or barbecue facilities?&#8221; toggle_icon=&#8221;&#x33;||divi||400&#8243; _builder_version=&#8221;4.27.4&#8243; _module_preset=&#8221;default&#8221; width=&#8221;100%&#8221; custom_margin=&#8221;-20px||||false|false&#8221; custom_padding=&#8221;||||false|false&#8221; global_colors_info=&#8221;{}&#8221; open=&#8221;off&#8221;]Yes, there is a barbecue area with a gas barbecue and a fantastic view. Right next to it is a small scullery with extra dishes[\/et_pb_accordion_item][\/et_pb_accordion][\/et_pb_column][\/et_pb_row][\/et_pb_section]<\/p>\n","protected":false},"excerpt":{"rendered":"<p>Do you have questions about your stay, booking or the facilities in our accommodation? In our FAQ section you will quickly find answers to the most frequently asked questions. Whether check-in times, pets or parking optionsThe beach house offers comfortable living space for up to 4 people. It is ideal for couples, small families or [&hellip;]<\/p>\n","protected":false},"author":5,"featured_media":0,"parent":0,"menu_order":0,"comment_status":"closed","ping_status":"closed","template":"","meta":{"_et_pb_use_builder":"on","_et_pb_old_content":"","_et_gb_content_width":"","footnotes":""},"class_list":["post-9646","page","type-page","status-publish","hentry"],"yoast_head":"<!-- This site is optimized with the Yoast SEO plugin v27.5 - https:\/\/yoast.com\/product\/yoast-seo-wordpress\/ -->\n<title>Frequently asked questions about the Black Forest beach<\/title>\n<meta name=\"description\" content=\"Plan your stay at Schwarzwaldstrand: answers to frequently asked questions about accommodation, facilities, sauna, barbecue, Wi-Fi and dogs.\" \/>\n<meta name=\"robots\" content=\"index, follow, max-snippet:-1, max-image-preview:large, max-video-preview:-1\" \/>\n<link rel=\"canonical\" href=\"https:\/\/schwarzwaldstrand.de\/en\/faq\/\" \/>\n<meta property=\"og:locale\" content=\"en_US\" \/>\n<meta property=\"og:type\" content=\"article\" \/>\n<meta property=\"og:title\" content=\"Frequently asked questions about the Black Forest beach\" \/>\n<meta property=\"og:description\" content=\"Plan your stay at Schwarzwaldstrand: answers to frequently asked questions about accommodation, facilities, sauna, barbecue, Wi-Fi and dogs.\" \/>\n<meta property=\"og:url\" content=\"https:\/\/schwarzwaldstrand.de\/en\/faq\/\" \/>\n<meta property=\"og:site_name\" content=\"Schwarzwaldstrand und Schwarzwalddeck\" \/>\n<meta property=\"article:modified_time\" content=\"2025-06-02T07:23:52+00:00\" \/>\n<meta name=\"twitter:card\" content=\"summary_large_image\" \/>\n<meta name=\"twitter:label1\" content=\"Est. reading time\" \/>\n\t<meta name=\"twitter:data1\" content=\"10 minutes\" \/>\n<script type=\"application\/ld+json\" class=\"yoast-schema-graph\">{\"@context\":\"https:\\\/\\\/schema.org\",\"@graph\":[{\"@type\":\"WebPage\",\"@id\":\"https:\\\/\\\/schwarzwaldstrand.de\\\/en\\\/faq\\\/\",\"url\":\"https:\\\/\\\/schwarzwaldstrand.de\\\/en\\\/faq\\\/\",\"name\":\"Frequently asked questions about the Black Forest beach\",\"isPartOf\":{\"@id\":\"https:\\\/\\\/schwarzwaldstrand.de\\\/en\\\/#website\"},\"datePublished\":\"2025-05-31T23:49:14+00:00\",\"dateModified\":\"2025-06-02T07:23:52+00:00\",\"description\":\"Plan your stay at Schwarzwaldstrand: answers to frequently asked questions about accommodation, facilities, sauna, barbecue, Wi-Fi and dogs.\",\"breadcrumb\":{\"@id\":\"https:\\\/\\\/schwarzwaldstrand.de\\\/en\\\/faq\\\/#breadcrumb\"},\"inLanguage\":\"en-US\",\"potentialAction\":[{\"@type\":\"ReadAction\",\"target\":[\"https:\\\/\\\/schwarzwaldstrand.de\\\/en\\\/faq\\\/\"]}]},{\"@type\":\"BreadcrumbList\",\"@id\":\"https:\\\/\\\/schwarzwaldstrand.de\\\/en\\\/faq\\\/#breadcrumb\",\"itemListElement\":[{\"@type\":\"ListItem\",\"position\":1,\"name\":\"Startseite\",\"item\":\"https:\\\/\\\/schwarzwaldstrand.de\\\/en\\\/\"},{\"@type\":\"ListItem\",\"position\":2,\"name\":\"FAQ\"}]},{\"@type\":\"WebSite\",\"@id\":\"https:\\\/\\\/schwarzwaldstrand.de\\\/en\\\/#website\",\"url\":\"https:\\\/\\\/schwarzwaldstrand.de\\\/en\\\/\",\"name\":\"Schwarzwaldstrand und Schwarzwalddeck\",\"description\":\"Design Ferienhaus im Nordschwarzwald f\u00fcr G\u00e4ste mit Stil und Ruhebed\u00fcrfnis\",\"potentialAction\":[{\"@type\":\"SearchAction\",\"target\":{\"@type\":\"EntryPoint\",\"urlTemplate\":\"https:\\\/\\\/schwarzwaldstrand.de\\\/en\\\/?s={search_term_string}\"},\"query-input\":{\"@type\":\"PropertyValueSpecification\",\"valueRequired\":true,\"valueName\":\"search_term_string\"}}],\"inLanguage\":\"en-US\"}]}<\/script>\n<!-- \/ Yoast SEO plugin. -->","yoast_head_json":{"title":"Frequently asked questions about the Black Forest beach","description":"Plan your stay at Schwarzwaldstrand: answers to frequently asked questions about accommodation, facilities, sauna, barbecue, Wi-Fi and dogs.","robots":{"index":"index","follow":"follow","max-snippet":"max-snippet:-1","max-image-preview":"max-image-preview:large","max-video-preview":"max-video-preview:-1"},"canonical":"https:\/\/schwarzwaldstrand.de\/en\/faq\/","og_locale":"en_US","og_type":"article","og_title":"Frequently asked questions about the Black Forest beach","og_description":"Plan your stay at Schwarzwaldstrand: answers to frequently asked questions about accommodation, facilities, sauna, barbecue, Wi-Fi and dogs.","og_url":"https:\/\/schwarzwaldstrand.de\/en\/faq\/","og_site_name":"Schwarzwaldstrand und Schwarzwalddeck","article_modified_time":"2025-06-02T07:23:52+00:00","twitter_card":"summary_large_image","twitter_misc":{"Est. reading time":"10 minutes"},"schema":{"@context":"https:\/\/schema.org","@graph":[{"@type":"WebPage","@id":"https:\/\/schwarzwaldstrand.de\/en\/faq\/","url":"https:\/\/schwarzwaldstrand.de\/en\/faq\/","name":"Frequently asked questions about the Black Forest beach","isPartOf":{"@id":"https:\/\/schwarzwaldstrand.de\/en\/#website"},"datePublished":"2025-05-31T23:49:14+00:00","dateModified":"2025-06-02T07:23:52+00:00","description":"Plan your stay at Schwarzwaldstrand: answers to frequently asked questions about accommodation, facilities, sauna, barbecue, Wi-Fi and dogs.","breadcrumb":{"@id":"https:\/\/schwarzwaldstrand.de\/en\/faq\/#breadcrumb"},"inLanguage":"en-US","potentialAction":[{"@type":"ReadAction","target":["https:\/\/schwarzwaldstrand.de\/en\/faq\/"]}]},{"@type":"BreadcrumbList","@id":"https:\/\/schwarzwaldstrand.de\/en\/faq\/#breadcrumb","itemListElement":[{"@type":"ListItem","position":1,"name":"Startseite","item":"https:\/\/schwarzwaldstrand.de\/en\/"},{"@type":"ListItem","position":2,"name":"FAQ"}]},{"@type":"WebSite","@id":"https:\/\/schwarzwaldstrand.de\/en\/#website","url":"https:\/\/schwarzwaldstrand.de\/en\/","name":"Schwarzwaldstrand und Schwarzwalddeck","description":"Design Ferienhaus im Nordschwarzwald f\u00fcr G\u00e4ste mit Stil und Ruhebed\u00fcrfnis","potentialAction":[{"@type":"SearchAction","target":{"@type":"EntryPoint","urlTemplate":"https:\/\/schwarzwaldstrand.de\/en\/?s={search_term_string}"},"query-input":{"@type":"PropertyValueSpecification","valueRequired":true,"valueName":"search_term_string"}}],"inLanguage":"en-US"}]}},"_links":{"self":[{"href":"https:\/\/schwarzwaldstrand.de\/en\/wp-json\/wp\/v2\/pages\/9646","targetHints":{"allow":["GET"]}}],"collection":[{"href":"https:\/\/schwarzwaldstrand.de\/en\/wp-json\/wp\/v2\/pages"}],"about":[{"href":"https:\/\/schwarzwaldstrand.de\/en\/wp-json\/wp\/v2\/types\/page"}],"author":[{"embeddable":true,"href":"https:\/\/schwarzwaldstrand.de\/en\/wp-json\/wp\/v2\/users\/5"}],"replies":[{"embeddable":true,"href":"https:\/\/schwarzwaldstrand.de\/en\/wp-json\/wp\/v2\/comments?post=9646"}],"version-history":[{"count":0,"href":"https:\/\/schwarzwaldstrand.de\/en\/wp-json\/wp\/v2\/pages\/9646\/revisions"}],"wp:attachment":[{"href":"https:\/\/schwarzwaldstrand.de\/en\/wp-json\/wp\/v2\/media?parent=9646"}],"curies":[{"name":"wp","href":"https:\/\/api.w.org\/{rel}","templated":true}]}}